{"id":1309,"date":"2025-05-28T12:15:32","date_gmt":"2025-05-28T12:15:32","guid":{"rendered":"https:\/\/academiadagachi.com\/?post_type=product&#038;p=1309"},"modified":"2025-08-21T11:12:27","modified_gmt":"2025-08-21T11:12:27","slug":"curso-%ed%95%9c%ea%b8%80-%ec%b2%ab%ea%b1%b8%ec%9d%8c-primeros-pasos-en-hangeul","status":"publish","type":"product","link":"https:\/\/www.academiadagachi.com\/en\/product\/curso-%ed%95%9c%ea%b8%80-%ec%b2%ab%ea%b1%b8%ec%9d%8c-primeros-pasos-en-hangeul\/","title":{"rendered":"\ud55c\uae00 \uccab\uac78\uc74c - First steps in hangeul"},"content":{"rendered":"<h1>\ud55c\uae00 \uccab\uac78\uc74c \u2013 Primeros pasos en Hangeul<\/h1>\n<h2><strong>Tu primera inmersi\u00f3n en el coreano y el hangeul \u2013 15 horas<\/strong><\/h2>\n<p>\u00bfNunca has estudiado coreano y no sabes por d\u00f3nde empezar? Este curso es tu punto de partida perfecto. En solo 15 horas, vas a descubrir el sistema de escritura coreano, el <strong>hangeul<\/strong>, considerado uno de los alfabetos m\u00e1s l\u00f3gicos y accesibles del mundo.<br \/>\n<br \/>\nAunque los coreanos est\u00e1n orgullosos de poder decir que este alfabeto se aprende en una sola ma\u00f1ana, en este curso aprender\u00e1s de forma pautada para asegurarnos de asentar unas bases s\u00f3lidas sin que se te forme un cacao en la cabeza. Aprender\u00e1s no solo a <strong>leer y escribir<\/strong> todas las letras coreanas, sino tambi\u00e9n a <strong>distinguirlas al escucharlas, pronunciarlas y escribilarlas correctamente<\/strong>. Las clases est\u00e1n organizadas para que avances poco a poco, con explicaciones claras, pr\u00e1ctica constante y guiada y ejercicios variados que te ayudar\u00e1n a ganar confianza desde el primer d\u00eda.<br \/>\n<\/p>\n<h3>\u00bfQu\u00e9 vas a aprender?<\/h3>\n<ul>\n<li>Qu\u00e9 es el hangeul y el contexto en el que se cre\u00f3<\/li>\n<li>C\u00f3mo se construyen las s\u00edlabas en hangeul<\/li>\n<li>Vocales simples y combinadas (diptongos)<\/li>\n<li>Lectura y escritura s\u00edlabas simples y compuestas<\/li>\n<li>Consonantes b\u00e1sicas, dobles y aspiradas<\/li>\n<li>Consonantes finales simples y dobles y c\u00f3mo se pronuncian<\/li>\n<li>Pr\u00e1cticas de lectura, escritura y audici\u00f3n con cada grupo de letras<\/li>\n<li>Primeras palabras y expresiones \u00fatiles para el aula y el d\u00eda a d\u00eda<\/li>\n<li>Juegos de lectura para mejorar fluidez y dicci\u00f3n<\/li>\n<li>Evaluaci\u00f3n final para comprobar tus progresos<\/li>\n<\/ul>\n<p>\nThis course is designed to enable you to <strong>reconocer, escribir y pronunciar cualquier s\u00edlaba coreana al terminar<\/strong>The course will provide you with a solid foundation to continue your learning with confidence.<br \/>\n<br \/>\n\ud83d\udc69\u200d\ud83c\udf93 Ideal para personas sin conocimientos previos de coreano, estudiantes que quieren aprender desde cero con una base bien estructurada y pr\u00e1ctica.<br \/>\n\ud83c\udf93 Al completar este curso, estar\u00e1s listo para comenzar el Curso de Nivel 1 &#8211; Sobrevive I.<\/p>","protected":false},"excerpt":{"rendered":"<p><strong>Monday and Wednesday 16:30-18:00<\/strong><br \/>\n<br \/>\n<strong>Del 15\/09\/2025 al 15\/10\/2025<\/strong><br \/>\n<br \/>\n<strong>Beginners' level : 15 hours : Practical approach<\/strong><\/p>","protected":false},"featured_media":63,"template":"","meta":[],"product_brand":[],"product_cat":[21],"product_tag":[],"class_list":{"0":"post-1309","1":"product","2":"type-product","3":"status-publish","4":"has-post-thumbnail","6":"product_cat-clases-generales-en-grupo","8":"first","9":"instock","10":"shipping-taxable","11":"purchasable","12":"product-type-simple"},"_links":{"self":[{"href":"https:\/\/www.academiadagachi.com\/en\/wp-json\/wp\/v2\/product\/1309","targetHints":{"allow":["GET"]}}],"collection":[{"href":"https:\/\/www.academiadagachi.com\/en\/wp-json\/wp\/v2\/product"}],"about":[{"href":"https:\/\/www.academiadagachi.com\/en\/wp-json\/wp\/v2\/types\/product"}],"wp:featuredmedia":[{"embeddable":true,"href":"https:\/\/www.academiadagachi.com\/en\/wp-json\/wp\/v2\/media\/63"}],"wp:attachment":[{"href":"https:\/\/www.academiadagachi.com\/en\/wp-json\/wp\/v2\/media?parent=1309"}],"wp:term":[{"taxonomy":"product_brand","embeddable":true,"href":"https:\/\/www.academiadagachi.com\/en\/wp-json\/wp\/v2\/product_brand?post=1309"},{"taxonomy":"product_cat","embeddable":true,"href":"https:\/\/www.academiadagachi.com\/en\/wp-json\/wp\/v2\/product_cat?post=1309"},{"taxonomy":"product_tag","embeddable":true,"href":"https:\/\/www.academiadagachi.com\/en\/wp-json\/wp\/v2\/product_tag?post=1309"}],"curies":[{"name":"wp","href":"https:\/\/api.w.org\/{rel}","templated":true}]}}